{"id":41,"date":"2018-05-28T10:23:11","date_gmt":"2018-05-28T08:23:11","guid":{"rendered":"http:\/\/multipurpose.loc\/hotel\/?page_id=41"},"modified":"2025-10-27T11:30:31","modified_gmt":"2025-10-27T10:30:31","slug":"chambres","status":"publish","type":"page","link":"https:\/\/mas-fandelou.com\/index.php\/chambres\/","title":{"rendered":"Les chambres"},"content":{"rendered":"<p>[vc_row][vc_column][vc_column_text]Nos 4 chambres ont un acc\u00e8s ind\u00e9pendant et une terrasse privative. Elles sont \u00e9quip\u00e9es d&#8217;un lit KingSize de qualit\u00e9, d&#8217;une climatisation r\u00e9versible, d&#8217;une t\u00e9l\u00e9vision, du r\u00e9seau wifi gratuite, cafeti\u00e8re expresso et bouilloire.<\/p>\n<p>Chaque salle de bain est \u00e9quip\u00e9e de douche \u00e0 l&#8217;italienne, toilettes et s\u00e8che-cheveux.<\/p>\n<p>Chaque matin, au moment que vous aurez choisi entre 8h30 et 10h, le petit d\u00e9jeuner aux notes estivales vous sera apport\u00e9 dans un panier en osier. Vous le d\u00e9gusterez selon votre envie du moment sur votre espace privatif ou au bord de la piscine.[\/vc_column_text][\/vc_column][\/vc_row][vc_row][vc_column width=&#8221;2\/3&#8243;][vc_separator color=&#8221;sandy_brown&#8221;][vc_column_text]Choisissez, dans le calendrier, les dates d&#8217;arriv\u00e9e et d\u00e9part souhait\u00e9es ; les chambres disponibles s&#8217;afficheront au dessous.[\/vc_column_text][vc_column_text]<div class=\"hotelier\">\r\n    \r\n<p class=\"hotelier-notice hotelier-notice--info hotelier-notice--no-rooms-available\">We are sorry, there are no rooms available on your requested dates. Please try again with some different dates.<\/p>\r\n\r\n\r\n<form name=\"hotelier_datepicker\" method=\"post\" id=\"hotelier-datepicker\" class=\"datepicker-form\"\r\n      action=\"https:\/\/mas-fandelou.com\/index.php\/chambres\/\" enctype=\"multipart\/form-data\">\r\n\r\n    <span class=\"datepicker-input-select-wrapper\"><input class=\"datepicker-input-select\" type=\"text\"\r\n                                                         id=\"hotelier-datepicker-select\" value=\"\"><\/span>\r\n    <input type=\"text\" id=\"hotelier-datepicker-checkin\" class=\"datepicker-input datepicker-input--checkin\"\r\n           name=\"checkin\" value=\"2026-04-29\">\r\n    <input type=\"text\" id=\"hotelier-datepicker-checkout\" class=\"datepicker-input datepicker-input--checkout\"\r\n           name=\"checkout\" value=\"2026-04-30\">\r\n\r\n    \r\n\r\n    <p class=\"selected-nights\">1-night stay<\/p>\r\n\r\n\r\n    <button type=\"submit\" class=\"btn btn_solid btn_primary btn_icon-right button button--datepicker\" name=\"hotelier_datepicker_button\" id=\"datepicker-button\" ><i class=\"btn__icon stmicon-keyboard_arrow_right\"><\/i>Check Rates<\/button><\/form>\r\n\r\n\r\n<\/div>[\/vc_column_text][\/vc_column][\/vc_row]<\/p>\n","protected":false},"excerpt":{"rendered":"<p>[vc_row][vc_column][vc_column_text]Nos 4 chambres ont un acc\u00e8s ind\u00e9pendant et une terrasse privative. Elles sont \u00e9quip\u00e9es d&#8217;un lit KingSize de qualit\u00e9, d&#8217;une climatisation r\u00e9versible, d&#8217;une t\u00e9l\u00e9vision, du r\u00e9seau wifi gratuite, cafeti\u00e8re expresso et bouilloire. Chaque salle de bain est \u00e9quip\u00e9e de douche \u00e0 l&#8217;italienne, toilettes et s\u00e8che-cheveux. Chaque matin, au moment que vous aurez choisi entre 8h30 [&hellip;]<\/p>\n","protected":false},"author":1,"featured_media":0,"parent":0,"menu_order":0,"comment_status":"closed","ping_status":"closed","template":"","meta":{"_exactmetrics_skip_tracking":false,"_exactmetrics_sitenote_active":false,"_exactmetrics_sitenote_note":"","_exactmetrics_sitenote_category":0},"_links":{"self":[{"href":"https:\/\/mas-fandelou.com\/index.php\/wp-json\/wp\/v2\/pages\/41"}],"collection":[{"href":"https:\/\/mas-fandelou.com\/index.php\/wp-json\/wp\/v2\/pages"}],"about":[{"href":"https:\/\/mas-fandelou.com\/index.php\/wp-json\/wp\/v2\/types\/page"}],"author":[{"embeddable":true,"href":"https:\/\/mas-fandelou.com\/index.php\/wp-json\/wp\/v2\/users\/1"}],"replies":[{"embeddable":true,"href":"https:\/\/mas-fandelou.com\/index.php\/wp-json\/wp\/v2\/comments?post=41"}],"version-history":[{"count":7,"href":"https:\/\/mas-fandelou.com\/index.php\/wp-json\/wp\/v2\/pages\/41\/revisions"}],"predecessor-version":[{"id":5886,"href":"https:\/\/mas-fandelou.com\/index.php\/wp-json\/wp\/v2\/pages\/41\/revisions\/5886"}],"wp:attachment":[{"href":"https:\/\/mas-fandelou.com\/index.php\/wp-json\/wp\/v2\/media?parent=41"}],"curies":[{"name":"wp","href":"https:\/\/api.w.org\/{rel}","templated":true}]}}