{"id":1583,"date":"2019-08-15T11:49:01","date_gmt":"2019-08-15T09:49:01","guid":{"rendered":"https:\/\/mas-fandelou.com\/?page_id=1583"},"modified":"2019-10-14T05:44:28","modified_gmt":"2019-10-14T03:44:28","slug":"le-mas-fandelou-en-camargue","status":"publish","type":"page","link":"https:\/\/mas-fandelou.com\/index.php\/le-mas-fandelou-en-camargue\/","title":{"rendered":"Le Mas Fandelou en Camargue"},"content":{"rendered":"<p>[vc_row][vc_column][vc_column_text]<\/p>\n<p style=\"text-align: center;\">A quelques minutes des Saintes Maries de la Mer,<br \/>\nd\u00e9couvrez un havre de paix o\u00f9 tout a \u00e9t\u00e9 pens\u00e9<br \/>\npour votre confort et votre d\u00e9tente.<br \/>\nPiscine, terrasse lounge, espace repas, pin\u00e8de ombrag\u00e9e,<br \/>\nles ext\u00e9rieurs du Mas Fandelou vous incitent<br \/>\n\u00e0 la sieste Camarguaise et au repos.<\/p>\n<p style=\"text-align: center;\">Oiseaux, cigales et chevaux seront vos voisins lors de votre s\u00e9jour<br \/>\nqui sera ponctu\u00e9 par de merveilleux levers et couchers de soleil<br \/>\nsur les marais de Camargue.<\/p>\n<p>&nbsp;<\/p>\n<p style=\"text-align: center;\">D\u00e9couvrez ci-dessous ce lieu magique en images avant votre s\u00e9jour !<\/p>\n<p>[\/vc_column_text][\/vc_column][\/vc_row][vc_row][vc_column][rev_slider_vc alias=&#8221;mas&#8221;][\/vc_column][\/vc_row]<\/p>\n","protected":false},"excerpt":{"rendered":"<p>[vc_row][vc_column][vc_column_text] A quelques minutes des Saintes Maries de la Mer, d\u00e9couvrez un havre de paix o\u00f9 tout a \u00e9t\u00e9 pens\u00e9 pour votre confort et votre d\u00e9tente. Piscine, terrasse lounge, espace repas, pin\u00e8de ombrag\u00e9e, les ext\u00e9rieurs du Mas Fandelou vous incitent \u00e0 la sieste Camarguaise et au repos. Oiseaux, cigales et chevaux seront vos voisins lors [&hellip;]<\/p>\n","protected":false},"author":3,"featured_media":0,"parent":0,"menu_order":0,"comment_status":"closed","ping_status":"closed","template":"","meta":{"_exactmetrics_skip_tracking":false,"_exactmetrics_sitenote_active":false,"_exactmetrics_sitenote_note":"","_exactmetrics_sitenote_category":0},"_links":{"self":[{"href":"https:\/\/mas-fandelou.com\/index.php\/wp-json\/wp\/v2\/pages\/1583"}],"collection":[{"href":"https:\/\/mas-fandelou.com\/index.php\/wp-json\/wp\/v2\/pages"}],"about":[{"href":"https:\/\/mas-fandelou.com\/index.php\/wp-json\/wp\/v2\/types\/page"}],"author":[{"embeddable":true,"href":"https:\/\/mas-fandelou.com\/index.php\/wp-json\/wp\/v2\/users\/3"}],"replies":[{"embeddable":true,"href":"https:\/\/mas-fandelou.com\/index.php\/wp-json\/wp\/v2\/comments?post=1583"}],"version-history":[{"count":3,"href":"https:\/\/mas-fandelou.com\/index.php\/wp-json\/wp\/v2\/pages\/1583\/revisions"}],"predecessor-version":[{"id":1642,"href":"https:\/\/mas-fandelou.com\/index.php\/wp-json\/wp\/v2\/pages\/1583\/revisions\/1642"}],"wp:attachment":[{"href":"https:\/\/mas-fandelou.com\/index.php\/wp-json\/wp\/v2\/media?parent=1583"}],"curies":[{"name":"wp","href":"https:\/\/api.w.org\/{rel}","templated":true}]}}